{"id":154,"date":"2025-04-12T00:18:38","date_gmt":"2025-04-11T22:18:38","guid":{"rendered":"https:\/\/skls.pw.edu.pl\/?page_id=154"},"modified":"2025-10-29T21:10:42","modified_gmt":"2025-10-29T20:10:42","slug":"o-nas","status":"publish","type":"page","link":"https:\/\/skls.pw.edu.pl\/?page_id=154","title":{"rendered":"O nas"},"content":{"rendered":"<p><img loading=\"lazy\" decoding=\"async\" width=\"2050\" height=\"817\" src=\"http:\/\/skls.pw.edu.pl\/wp-content\/uploads\/2024\/05\/SKLS-LOGO-bez-tla-1.png\" alt=\"\" srcset=\"https:\/\/skls.pw.edu.pl\/wp-content\/uploads\/2024\/05\/SKLS-LOGO-bez-tla-1.png 2050w, https:\/\/skls.pw.edu.pl\/wp-content\/uploads\/2024\/05\/SKLS-LOGO-bez-tla-1-300x120.png 300w, https:\/\/skls.pw.edu.pl\/wp-content\/uploads\/2024\/05\/SKLS-LOGO-bez-tla-1-1024x408.png 1024w, https:\/\/skls.pw.edu.pl\/wp-content\/uploads\/2024\/05\/SKLS-LOGO-bez-tla-1-768x306.png 768w, https:\/\/skls.pw.edu.pl\/wp-content\/uploads\/2024\/05\/SKLS-LOGO-bez-tla-1-1536x612.png 1536w, https:\/\/skls.pw.edu.pl\/wp-content\/uploads\/2024\/05\/SKLS-LOGO-bez-tla-1-2048x816.png 2048w\" sizes=\"auto, (max-width: 2050px) 100vw, 2050px\" \/>\t\t\t\t\t\t\t\t\t\t\t\t\t\t\t<\/p>\n<h2>\n<h1 style=\"font-size: 2rem;font-style: normal;margin-bottom: 15px;clear: both;, sans-serif\">Studenckie Ko\u0142o Logistyki Stosowanej<\/h1>\n<\/h2>\n<p>Ko\u0142o zosta\u0142o za\u0142o\u017cone wiosn\u0105 2001 roku. Organizacja zrzesza m\u0142ode i ambitne osoby zainteresowane logistyk\u0105 oraz wszystkimi procesami zwi\u0105zanymi z przep\u0142ywem \u0142adunk\u00f3w. Celem ko\u0142a jest umo\u017cliwienie jego cz\u0142onkom nawi\u0105zywania kontakt\u00f3w z firmami bran\u017cy TSL, zdobycie praktycznych umiej\u0119tno\u015bci oraz do\u015bwiadczenia zawodowego. SKLS pozwala rozwija\u0107 pasje oraz pomaga w wej\u015bciu na rynek pracy.<\/p>\n<p><button style=\"position: fixed; bottom: 20px; right: 20px; background: #fdab07; color: white; border: none; padding: 5px 10px; border-radius: 30px; font-size: 20px; cursor: pointer; box-shadow: 0 2px 5px rgba(0,0,0,0); z-index: 9999;\">\ud83d\udc8c Napisz do nas!<br \/>\n<\/button><\/p>\n","protected":false},"excerpt":{"rendered":"<p>Studenckie Ko\u0142o Logistyki Stosowanej Ko\u0142o zosta\u0142o za\u0142o\u017cone wiosn\u0105 2001 roku. Organizacja zrzesza m\u0142ode i ambitne osoby zainteresowane logistyk\u0105 oraz wszystkimi [&hellip;]<\/p>\n","protected":false},"author":4,"featured_media":0,"parent":0,"menu_order":2,"comment_status":"closed","ping_status":"closed","template":"","meta":{"site-sidebar-layout":"no-sidebar","site-content-layout":"","ast-site-content-layout":"full-width-container","site-content-style":"default","site-sidebar-style":"default","ast-global-header-display":"","ast-banner-title-visibility":"","ast-main-header-display":"","ast-hfb-above-header-display":"","ast-hfb-below-header-display":"","ast-hfb-mobile-header-display":"","site-post-title":"disabled","ast-breadcrumbs-content":"","ast-featured-img":"disabled","footer-sml-layout":"","theme-transparent-header-meta":"","adv-header-id-meta":"","stick-header-meta":"","header-above-stick-meta":"","header-main-stick-meta":"","header-below-stick-meta":"","astra-migrate-meta-layouts":"default","ast-page-background-enabled":"default","ast-page-background-meta":{"desktop":{"background-color":"var(--ast-global-color-5)","background-image":"","background-repeat":"repeat","background-position":"center center","background-size":"auto","background-attachment":"scroll","background-type":"","background-media":"","overlay-type":"","overlay-color":"","overlay-opacity":"","overlay-gradient":""},"tablet":{"background-color":"","background-image":"","background-repeat":"repeat","background-position":"center center","background-size":"auto","background-attachment":"scroll","background-type":"","background-media":"","overlay-type":"","overlay-color":"","overlay-opacity":"","overlay-gradient":""},"mobile":{"background-color":"","background-image":"","background-repeat":"repeat","background-position":"center center","background-size":"auto","background-attachment":"scroll","background-type":"","background-media":"","overlay-type":"","overlay-color":"","overlay-opacity":"","overlay-gradient":""}},"ast-content-background-meta":{"desktop":{"background-color":"var(--ast-global-color-4)","background-image":"","background-repeat":"repeat","background-position":"center center","background-size":"auto","background-attachment":"scroll","background-type":"","background-media":"","overlay-type":"","overlay-color":"","overlay-opacity":"","overlay-gradient":""},"tablet":{"background-color":"var(--ast-global-color-4)","background-image":"","background-repeat":"repeat","background-position":"center center","background-size":"auto","background-attachment":"scroll","background-type":"","background-media":"","overlay-type":"","overlay-color":"","overlay-opacity":"","overlay-gradient":""},"mobile":{"background-color":"var(--ast-global-color-4)","background-image":"","background-repeat":"repeat","background-position":"center center","background-size":"auto","background-attachment":"scroll","background-type":"","background-media":"","overlay-type":"","overlay-color":"","overlay-opacity":"","overlay-gradient":""}},"footnotes":""},"class_list":["post-154","page","type-page","status-publish","hentry"],"_links":{"self":[{"href":"https:\/\/skls.pw.edu.pl\/index.php?rest_route=\/wp\/v2\/pages\/154","targetHints":{"allow":["GET"]}}],"collection":[{"href":"https:\/\/skls.pw.edu.pl\/index.php?rest_route=\/wp\/v2\/pages"}],"about":[{"href":"https:\/\/skls.pw.edu.pl\/index.php?rest_route=\/wp\/v2\/types\/page"}],"author":[{"embeddable":true,"href":"https:\/\/skls.pw.edu.pl\/index.php?rest_route=\/wp\/v2\/users\/4"}],"replies":[{"embeddable":true,"href":"https:\/\/skls.pw.edu.pl\/index.php?rest_route=%2Fwp%2Fv2%2Fcomments&post=154"}],"version-history":[{"count":34,"href":"https:\/\/skls.pw.edu.pl\/index.php?rest_route=\/wp\/v2\/pages\/154\/revisions"}],"predecessor-version":[{"id":286,"href":"https:\/\/skls.pw.edu.pl\/index.php?rest_route=\/wp\/v2\/pages\/154\/revisions\/286"}],"wp:attachment":[{"href":"https:\/\/skls.pw.edu.pl\/index.php?rest_route=%2Fwp%2Fv2%2Fmedia&parent=154"}],"curies":[{"name":"wp","href":"https:\/\/api.w.org\/{rel}","templated":true}]}}