{"id":166,"date":"2025-04-12T00:40:57","date_gmt":"2025-04-11T22:40:57","guid":{"rendered":"https:\/\/skls.pw.edu.pl\/?page_id=166"},"modified":"2025-11-24T17:35:59","modified_gmt":"2025-11-24T16:35:59","slug":"home","status":"publish","type":"page","link":"https:\/\/skls.pw.edu.pl\/","title":{"rendered":"Strona g\u0142owna"},"content":{"rendered":"\n<p><\/p>\n\n\n\n<div class=\"wp-block-cover alignfull\" style=\"margin-top:0;padding-top:5vw;padding-right:5vw;padding-bottom:5vw;padding-left:5vw;min-height:66vh;aspect-ratio:unset;\"><span aria-hidden=\"true\" class=\"wp-block-cover__background has-background-dim-100 has-background-dim has-background-gradient\" style=\"background:linear-gradient(90deg,rgb(236,177,0) 12%,rgb(236,177,0) 50%,rgb(35,74,20) 50%,rgb(225,137,116) 50%,rgb(123,214,19) 50%)\"><\/span><div class=\"wp-block-cover__inner-container is-layout-flow wp-block-cover-is-layout-flow\">\n<div class=\"wp-block-group wp-container-content-9cfa9a5a is-layout-constrained wp-container-core-group-is-layout-a1274fd4 wp-block-group-is-layout-constrained\">\n<div style=\"height:100px\" aria-hidden=\"true\" class=\"wp-block-spacer\"><\/div>\n\n\n\n<figure class=\"wp-block-image size-large is-style-default wp-duotone-unset-1\"><img loading=\"lazy\" decoding=\"async\" width=\"1024\" height=\"756\" src=\"https:\/\/skls.pw.edu.pl\/wp-content\/uploads\/2025\/11\/kolo-grupa-1-1024x756.jpg\" alt=\"\" class=\"wp-image-300\" srcset=\"https:\/\/skls.pw.edu.pl\/wp-content\/uploads\/2025\/11\/kolo-grupa-1-1024x756.jpg 1024w, https:\/\/skls.pw.edu.pl\/wp-content\/uploads\/2025\/11\/kolo-grupa-1-300x221.jpg 300w, https:\/\/skls.pw.edu.pl\/wp-content\/uploads\/2025\/11\/kolo-grupa-1-768x567.jpg 768w, https:\/\/skls.pw.edu.pl\/wp-content\/uploads\/2025\/11\/kolo-grupa-1.jpg 1179w\" sizes=\"auto, (max-width: 1024px) 100vw, 1024px\" \/><\/figure>\n\n\n\n<div style=\"height:48px\" aria-hidden=\"true\" class=\"wp-block-spacer\"><\/div>\n\n\n\n<h2 class=\"wp-block-heading alignwide has-text-align-center has-white-color has-text-color\" style=\"padding-left:32px;font-size:100px;font-style:normal;font-weight:400;letter-spacing:32px;line-height:1;text-transform:uppercase\"><strong>SKLS<\/strong><\/h2>\n\n\n\n<p class=\"has-text-align-center has-ast-global-color-4-color has-text-color has-link-color has-large-font-size wp-elements-a5b06bf2f2fdebc3d8e8948746e83ca9\">Czym zajmujemy si\u0119 w ramach dzia\u0142alno\u015bci w Kole Naukowym?<\/p>\n\n\n\n<div style=\"height:100px\" aria-hidden=\"true\" class=\"wp-block-spacer\"><\/div>\n<\/div>\n<\/div><\/div>\n\n\n\n<p><a href=\"https:\/\/www.facebook.com\/share\/197ARdRgav\/\" target=\"_blank\"><br><\/a><\/p>\n\n\n\n<div class=\"wp-block-media-text alignwide has-media-on-the-right is-stacked-on-mobile has-ast-global-color-5-color has-text-color has-background has-link-color wp-elements-0beb5621455078e68dffd10f0e7cd728\" style=\"background-color:#ecb100\"><div class=\"wp-block-media-text__content\">\n<div class=\"wp-block-group is-layout-flow wp-block-group-is-layout-flow\" style=\"padding-top:2em;padding-right:2em;padding-bottom:2em;padding-left:2em\">\n<p style=\"font-size:36px;line-height:1.2\"><strong>Je\u017adzimy na Konferencje bran\u017cowe<\/strong><\/p>\n<\/div>\n<\/div><figure class=\"wp-block-media-text__media\"><img loading=\"lazy\" decoding=\"async\" width=\"1024\" height=\"766\" src=\"https:\/\/skls.pw.edu.pl\/wp-content\/uploads\/2025\/11\/488889470_1103395471827289_1615349025792663678_n-1024x766.jpg\" alt=\"\" class=\"wp-image-304 size-full\" srcset=\"https:\/\/skls.pw.edu.pl\/wp-content\/uploads\/2025\/11\/488889470_1103395471827289_1615349025792663678_n-1024x766.jpg 1024w, https:\/\/skls.pw.edu.pl\/wp-content\/uploads\/2025\/11\/488889470_1103395471827289_1615349025792663678_n-300x224.jpg 300w, https:\/\/skls.pw.edu.pl\/wp-content\/uploads\/2025\/11\/488889470_1103395471827289_1615349025792663678_n-768x574.jpg 768w, https:\/\/skls.pw.edu.pl\/wp-content\/uploads\/2025\/11\/488889470_1103395471827289_1615349025792663678_n-1536x1148.jpg 1536w, https:\/\/skls.pw.edu.pl\/wp-content\/uploads\/2025\/11\/488889470_1103395471827289_1615349025792663678_n.jpg 1981w\" sizes=\"auto, (max-width: 1024px) 100vw, 1024px\" \/><\/figure><\/div>\n\n\n\n<div class=\"wp-block-media-text alignwide is-stacked-on-mobile is-vertically-aligned-center has-ast-global-color-4-color has-text-color has-background has-link-color wp-elements-f1982af9cd91eb5d71354aa14a7f2a59\" style=\"background-color:#7bd613\"><figure class=\"wp-block-media-text__media\"><img loading=\"lazy\" decoding=\"async\" width=\"1024\" height=\"768\" src=\"https:\/\/skls.pw.edu.pl\/wp-content\/uploads\/2025\/11\/koral-1024x768.jpg\" alt=\"\" class=\"wp-image-296 size-full\" srcset=\"https:\/\/skls.pw.edu.pl\/wp-content\/uploads\/2025\/11\/koral-1024x768.jpg 1024w, https:\/\/skls.pw.edu.pl\/wp-content\/uploads\/2025\/11\/koral-300x225.jpg 300w, https:\/\/skls.pw.edu.pl\/wp-content\/uploads\/2025\/11\/koral-768x576.jpg 768w, https:\/\/skls.pw.edu.pl\/wp-content\/uploads\/2025\/11\/koral-1536x1152.jpg 1536w, https:\/\/skls.pw.edu.pl\/wp-content\/uploads\/2025\/11\/koral.jpg 2048w\" sizes=\"auto, (max-width: 1024px) 100vw, 1024px\" \/><\/figure><div class=\"wp-block-media-text__content\">\n<div class=\"wp-block-group is-layout-flow wp-block-group-is-layout-flow\" style=\"padding-top:2em;padding-right:2em;padding-bottom:2em;padding-left:2em\">\n<p class=\"has-text-align-right\" style=\"font-size:36px;line-height:1.2\"><strong>Organizujemy warsztaty<\/strong><\/p>\n<\/div>\n<\/div><\/div>\n\n\n\n<div class=\"wp-block-media-text alignwide has-media-on-the-right is-stacked-on-mobile is-vertically-aligned-center has-background\" style=\"background-color:#ecb100\"><div class=\"wp-block-media-text__content\">\n<div class=\"wp-block-group has-ast-global-color-4-color has-text-color has-link-color wp-elements-8311607f2e0f57beeae192b609700a8d is-layout-flow wp-block-group-is-layout-flow\" style=\"padding-top:2em;padding-right:2em;padding-bottom:2em;padding-left:2em\">\n<p style=\"font-size:36px;line-height:1.2\"><strong>Piszemy artyku\u0142y<\/strong> <strong>naukowe<\/strong><\/p>\n<\/div>\n<\/div><figure class=\"wp-block-media-text__media\"><img loading=\"lazy\" decoding=\"async\" width=\"1024\" height=\"682\" src=\"https:\/\/skls.pw.edu.pl\/wp-content\/uploads\/2025\/11\/artykul-1024x682.jpg\" alt=\"\" class=\"wp-image-297 size-full\" srcset=\"https:\/\/skls.pw.edu.pl\/wp-content\/uploads\/2025\/11\/artykul-1024x682.jpg 1024w, https:\/\/skls.pw.edu.pl\/wp-content\/uploads\/2025\/11\/artykul-300x200.jpg 300w, https:\/\/skls.pw.edu.pl\/wp-content\/uploads\/2025\/11\/artykul-768x512.jpg 768w, https:\/\/skls.pw.edu.pl\/wp-content\/uploads\/2025\/11\/artykul-1536x1024.jpg 1536w, https:\/\/skls.pw.edu.pl\/wp-content\/uploads\/2025\/11\/artykul.jpg 2000w\" sizes=\"auto, (max-width: 1024px) 100vw, 1024px\" \/><\/figure><\/div>\n\n\n\n<div class=\"wp-block-media-text alignwide is-stacked-on-mobile is-vertically-aligned-center has-background\" style=\"background-color:#7bd613\"><figure class=\"wp-block-media-text__media\"><img loading=\"lazy\" decoding=\"async\" width=\"1024\" height=\"768\" src=\"https:\/\/skls.pw.edu.pl\/wp-content\/uploads\/2025\/11\/abakus-1024x768.jpg\" alt=\"\" class=\"wp-image-298 size-full\" srcset=\"https:\/\/skls.pw.edu.pl\/wp-content\/uploads\/2025\/11\/abakus-1024x768.jpg 1024w, https:\/\/skls.pw.edu.pl\/wp-content\/uploads\/2025\/11\/abakus-300x225.jpg 300w, https:\/\/skls.pw.edu.pl\/wp-content\/uploads\/2025\/11\/abakus-768x576.jpg 768w, https:\/\/skls.pw.edu.pl\/wp-content\/uploads\/2025\/11\/abakus-1536x1152.jpg 1536w, https:\/\/skls.pw.edu.pl\/wp-content\/uploads\/2025\/11\/abakus.jpg 2048w\" sizes=\"auto, (max-width: 1024px) 100vw, 1024px\" \/><\/figure><div class=\"wp-block-media-text__content\">\n<div class=\"wp-block-group is-layout-flow wp-block-group-is-layout-flow\" style=\"padding-top:2em;padding-right:2em;padding-bottom:2em;padding-left:2em\">\n<p class=\"has-text-align-right has-ast-global-color-4-color has-text-color has-link-color wp-elements-1200663534b403d33a16e1579d52e797\" style=\"font-size:36px;line-height:1.2\"><strong>Odwiedzamy biura firm                     z <\/strong><strong>bran\u017cy TSL<\/strong><\/p>\n<\/div>\n<\/div><\/div>\n\n\n\n<div class=\"wp-block-media-text alignwide has-media-on-the-right is-stacked-on-mobile is-vertically-aligned-center has-background\" style=\"background-color:#ecb100\"><div class=\"wp-block-media-text__content\">\n<div class=\"wp-block-group is-layout-flow wp-block-group-is-layout-flow\" style=\"padding-top:2em;padding-right:2em;padding-bottom:2em;padding-left:2em\">\n<p class=\"has-ast-global-color-4-color has-text-color has-link-color wp-elements-0b193f5d7d96c4d95f6662d876f067b5\" style=\"font-size:36px;line-height:1.2\"><strong>Spotykamy si\u0119 ze specjalistam<\/strong>i<\/p>\n<\/div>\n<\/div><figure class=\"wp-block-media-text__media\"><img loading=\"lazy\" decoding=\"async\" width=\"1024\" height=\"768\" src=\"https:\/\/skls.pw.edu.pl\/wp-content\/uploads\/2025\/11\/x-1024x768.jpg\" alt=\"\" class=\"wp-image-301 size-full\" srcset=\"https:\/\/skls.pw.edu.pl\/wp-content\/uploads\/2025\/11\/x-1024x768.jpg 1024w, https:\/\/skls.pw.edu.pl\/wp-content\/uploads\/2025\/11\/x-300x225.jpg 300w, https:\/\/skls.pw.edu.pl\/wp-content\/uploads\/2025\/11\/x-768x576.jpg 768w, https:\/\/skls.pw.edu.pl\/wp-content\/uploads\/2025\/11\/x-1536x1152.jpg 1536w, https:\/\/skls.pw.edu.pl\/wp-content\/uploads\/2025\/11\/x.jpg 2048w\" sizes=\"auto, (max-width: 1024px) 100vw, 1024px\" \/><\/figure><\/div>\n\n\n\n<h2 class=\"wp-block-heading has-text-align-center\"><\/h2>\n\n\n\n<p><\/p>\n","protected":false},"excerpt":{"rendered":"","protected":false},"author":4,"featured_media":13,"parent":0,"menu_order":1,"comment_status":"closed","ping_status":"closed","template":"","meta":{"site-sidebar-layout":"no-sidebar","site-content-layout":"","ast-site-content-layout":"full-width-container","site-content-style":"default","site-sidebar-style":"default","ast-global-header-display":"","ast-banner-title-visibility":"","ast-main-header-display":"","ast-hfb-above-header-display":"","ast-hfb-below-header-display":"","ast-hfb-mobile-header-display":"","site-post-title":"disabled","ast-breadcrumbs-content":"","ast-featured-img":"disabled","footer-sml-layout":"","theme-transparent-header-meta":"","adv-header-id-meta":"","stick-header-meta":"","header-above-stick-meta":"","header-main-stick-meta":"","header-below-stick-meta":"","astra-migrate-meta-layouts":"default","ast-page-background-enabled":"default","ast-page-background-meta":{"desktop":{"background-color":"var(--ast-global-color-5)","background-image":"","background-repeat":"repeat","background-position":"center center","background-size":"auto","background-attachment":"scroll","background-type":"","background-media":"","overlay-type":"","overlay-color":"","overlay-opacity":"","overlay-gradient":""},"tablet":{"background-color":"","background-image":"","background-repeat":"repeat","background-position":"center center","background-size":"auto","background-attachment":"scroll","background-type":"","background-media":"","overlay-type":"","overlay-color":"","overlay-opacity":"","overlay-gradient":""},"mobile":{"background-color":"","background-image":"","background-repeat":"repeat","background-position":"center center","background-size":"auto","background-attachment":"scroll","background-type":"","background-media":"","overlay-type":"","overlay-color":"","overlay-opacity":"","overlay-gradient":""}},"ast-content-background-meta":{"desktop":{"background-color":"var(--ast-global-color-4)","background-image":"","background-repeat":"repeat","background-position":"center center","background-size":"auto","background-attachment":"scroll","background-type":"","background-media":"","overlay-type":"","overlay-color":"","overlay-opacity":"","overlay-gradient":""},"tablet":{"background-color":"var(--ast-global-color-4)","background-image":"","background-repeat":"repeat","background-position":"center center","background-size":"auto","background-attachment":"scroll","background-type":"","background-media":"","overlay-type":"","overlay-color":"","overlay-opacity":"","overlay-gradient":""},"mobile":{"background-color":"var(--ast-global-color-4)","background-image":"","background-repeat":"repeat","background-position":"center center","background-size":"auto","background-attachment":"scroll","background-type":"","background-media":"","overlay-type":"","overlay-color":"","overlay-opacity":"","overlay-gradient":""}},"footnotes":""},"class_list":["post-166","page","type-page","status-publish","has-post-thumbnail","hentry"],"_links":{"self":[{"href":"https:\/\/skls.pw.edu.pl\/index.php?rest_route=\/wp\/v2\/pages\/166","targetHints":{"allow":["GET"]}}],"collection":[{"href":"https:\/\/skls.pw.edu.pl\/index.php?rest_route=\/wp\/v2\/pages"}],"about":[{"href":"https:\/\/skls.pw.edu.pl\/index.php?rest_route=\/wp\/v2\/types\/page"}],"author":[{"embeddable":true,"href":"https:\/\/skls.pw.edu.pl\/index.php?rest_route=\/wp\/v2\/users\/4"}],"replies":[{"embeddable":true,"href":"https:\/\/skls.pw.edu.pl\/index.php?rest_route=%2Fwp%2Fv2%2Fcomments&post=166"}],"version-history":[{"count":32,"href":"https:\/\/skls.pw.edu.pl\/index.php?rest_route=\/wp\/v2\/pages\/166\/revisions"}],"predecessor-version":[{"id":308,"href":"https:\/\/skls.pw.edu.pl\/index.php?rest_route=\/wp\/v2\/pages\/166\/revisions\/308"}],"wp:featuredmedia":[{"embeddable":true,"href":"https:\/\/skls.pw.edu.pl\/index.php?rest_route=\/wp\/v2\/media\/13"}],"wp:attachment":[{"href":"https:\/\/skls.pw.edu.pl\/index.php?rest_route=%2Fwp%2Fv2%2Fmedia&parent=166"}],"curies":[{"name":"wp","href":"https:\/\/api.w.org\/{rel}","templated":true}]}}