{"id":309,"date":"2025-11-24T17:38:27","date_gmt":"2025-11-24T16:38:27","guid":{"rendered":"https:\/\/skls.pw.edu.pl\/?page_id=309"},"modified":"2025-11-24T18:31:27","modified_gmt":"2025-11-24T17:31:27","slug":"aktualnosci","status":"publish","type":"page","link":"https:\/\/skls.pw.edu.pl\/?page_id=309","title":{"rendered":"Aktualno\u015bci"},"content":{"rendered":"\n<div class=\"wp-block-columns alignfull is-layout-flex wp-container-core-columns-is-layout-28f84493 wp-block-columns-is-layout-flex\">\n<div class=\"wp-block-column is-layout-flow wp-block-column-is-layout-flow\" style=\"flex-basis:50%\">\n<div class=\"wp-block-cover aligncenter is-light\" style=\"min-height:600px;aspect-ratio:unset;\"><span aria-hidden=\"true\" class=\"wp-block-cover__background has-background-dim-100 has-background-dim\" style=\"background-color:#f8ae7a\"><\/span><div class=\"wp-block-cover__inner-container is-layout-flow wp-block-cover-is-layout-flow\">\n<figure class=\"wp-block-image aligncenter size-medium\"><img loading=\"lazy\" decoding=\"async\" width=\"300\" height=\"225\" src=\"http:\/\/skls.pw.edu.pl\/wp-content\/uploads\/2025\/11\/abakus-300x225.jpg\" alt=\"\" class=\"wp-image-298\" srcset=\"https:\/\/skls.pw.edu.pl\/wp-content\/uploads\/2025\/11\/abakus-300x225.jpg 300w, https:\/\/skls.pw.edu.pl\/wp-content\/uploads\/2025\/11\/abakus-1024x768.jpg 1024w, https:\/\/skls.pw.edu.pl\/wp-content\/uploads\/2025\/11\/abakus-768x576.jpg 768w, https:\/\/skls.pw.edu.pl\/wp-content\/uploads\/2025\/11\/abakus-1536x1152.jpg 1536w, https:\/\/skls.pw.edu.pl\/wp-content\/uploads\/2025\/11\/abakus.jpg 2048w\" sizes=\"auto, (max-width: 300px) 100vw, 300px\" \/><\/figure>\n<\/div><\/div>\n<\/div>\n\n\n\n<div class=\"wp-block-column is-vertically-aligned-center is-layout-flow wp-block-column-is-layout-flow\" style=\"padding-top:1em;padding-right:1em;padding-bottom:1em;padding-left:1em\">\n<div class=\"wp-block-columns is-layout-flex wp-container-core-columns-is-layout-28f84493 wp-block-columns-is-layout-flex\">\n<div class=\"wp-block-column is-layout-flow wp-block-column-is-layout-flow\" style=\"flex-basis:320px\">\n<p class=\"has-medium-font-size\" style=\"line-height:1.6\"><strong><em>W siedzibie firmy Abakus Logistics<\/em><\/strong><\/p>\n\n\n\n<p style=\"font-size:14px;line-height:1.6\">Mieli\u015bmy przyjemno\u015b\u0107 go\u015bci\u0107 w siedzibie firmy Abakus Logistics<img loading=\"lazy\" decoding=\"async\" height=\"16\" width=\"16\" src=\"https:\/\/static.xx.fbcdn.net\/images\/emoji.php\/v9\/t97\/1\/16\/1f69b.png\" alt=\"\ud83d\ude9b\"><\/p>\n\n\n\n<p style=\"font-size:14px;line-height:1.6\"><a><\/a>Podczas wizyty mieli\u015bmy przyjemno\u015b\u0107 wys\u0142ucha\u0107 wyk\u0142adu o Pakiecie Mobilno\u015bci, Europejskim Zielonym \u0141adzie oraz o narz\u0119dziach u\u017cywanych w codziennej pracy spedytora mi\u0119dzynarodowego<img loading=\"lazy\" decoding=\"async\" height=\"16\" width=\"16\" alt=\"\ud83d\ude9b\" src=\"https:\/\/static.xx.fbcdn.net\/images\/emoji.php\/v9\/t97\/1\/16\/1f69b.png\"><img loading=\"lazy\" decoding=\"async\" height=\"16\" width=\"16\" alt=\"\ud83c\udf0d\" src=\"https:\/\/static.xx.fbcdn.net\/images\/emoji.php\/v9\/t3f\/1\/16\/1f30d.png\"><\/p>\n\n\n\n<p style=\"font-size:14px;line-height:1.6\">Nast\u0119pnie mogli\u015bmy zapozna\u0107 si\u0119 z procesem rekrutacji do firmy Abakus Logistics oraz wzi\u0105\u0107 udzia\u0142 w quizie z zakresu wyk\u0142adu<img loading=\"lazy\" decoding=\"async\" height=\"16\" width=\"16\" src=\"https:\/\/static.xx.fbcdn.net\/images\/emoji.php\/v9\/tbe\/1\/16\/1f3c6.png\" alt=\"\ud83c\udfc6\"><\/p>\n\n\n\n<p style=\"font-size:14px;line-height:1.6\">Bardzo dzi\u0119kujemy za go\u015bcin\u0119 i \u015bwietny wyk\u0142ad!!!<\/p>\n<\/div>\n<\/div>\n<\/div>\n<\/div>\n\n\n\n<div class=\"wp-block-columns alignfull is-layout-flex wp-container-core-columns-is-layout-28f84493 wp-block-columns-is-layout-flex\">\n<div class=\"wp-block-column is-layout-flow wp-block-column-is-layout-flow\" style=\"flex-basis:50%\">\n<div class=\"wp-block-cover is-light\" style=\"min-height:600px;aspect-ratio:unset;\"><span aria-hidden=\"true\" class=\"wp-block-cover__background has-background-dim-100 has-background-dim\" style=\"background-color:#acf8a1\"><\/span><div class=\"wp-block-cover__inner-container is-layout-flow wp-block-cover-is-layout-flow\">\n<figure class=\"wp-block-image aligncenter size-medium\"><img loading=\"lazy\" decoding=\"async\" width=\"240\" height=\"300\" src=\"http:\/\/skls.pw.edu.pl\/wp-content\/uploads\/2025\/11\/ku-240x300.jpg\" alt=\"\" class=\"wp-image-315\" srcset=\"https:\/\/skls.pw.edu.pl\/wp-content\/uploads\/2025\/11\/ku-240x300.jpg 240w, https:\/\/skls.pw.edu.pl\/wp-content\/uploads\/2025\/11\/ku-819x1024.jpg 819w, https:\/\/skls.pw.edu.pl\/wp-content\/uploads\/2025\/11\/ku-768x960.jpg 768w, https:\/\/skls.pw.edu.pl\/wp-content\/uploads\/2025\/11\/ku-1229x1536.jpg 1229w, https:\/\/skls.pw.edu.pl\/wp-content\/uploads\/2025\/11\/ku.jpg 1536w\" sizes=\"auto, (max-width: 240px) 100vw, 240px\" \/><\/figure>\n<\/div><\/div>\n<\/div>\n\n\n\n<div class=\"wp-block-column is-vertically-aligned-center is-layout-flow wp-block-column-is-layout-flow\" style=\"padding-top:1em;padding-right:1em;padding-bottom:1em;padding-left:1em\">\n<div class=\"wp-block-columns is-layout-flex wp-container-core-columns-is-layout-28f84493 wp-block-columns-is-layout-flex\">\n<div class=\"wp-block-column is-layout-flow wp-block-column-is-layout-flow\" style=\"flex-basis:320px\">\n<p class=\"has-medium-font-size\" style=\"line-height:1.6\"><strong><em> TARGI Intralogistica Poland expo<\/em><\/strong><\/p>\n\n\n\n<p style=\"font-size:19px;line-height:1.6\">Mimo trwaj\u0105cej sesji uda\u0142o si\u0119 nam znale\u017a\u0107 czas na odwiedzenie targ\u00f3w Intralogistica Poland expo. Intralogistica Poland expo to najwi\u0119ksze w Polsce targi logistyki magazynowej. Udzia\u0142 w tym wydarzeniu da\u0142 nam mo\u017cliwo\u015bci poznania trend\u00f3w i innowacji w transporcie wewn\u0119trznym. By\u0142a to te\u017c \u015bwietna okazja do zawarcia znajomo\u015bci oraz wymiany pogl\u0105d\u00f3w.<\/p>\n<\/div>\n<\/div>\n<\/div>\n<\/div>\n\n\n\n<div class=\"wp-block-columns alignwide are-vertically-aligned-top is-layout-flex wp-container-core-columns-is-layout-08c01c1c wp-block-columns-is-layout-flex\">\n<div class=\"wp-block-column is-vertically-aligned-top is-layout-flow wp-block-column-is-layout-flow\">\n<div class=\"wp-block-group wp-container-content-231d8afb is-vertical is-content-justification-left is-nowrap is-layout-flex wp-container-core-group-is-layout-d439c89b wp-block-group-is-layout-flex\" style=\"margin-top:0;margin-bottom:0\">\n<figure class=\"wp-block-image size-large wp-container-content-0733e5d0\"><img loading=\"lazy\" decoding=\"async\" width=\"683\" height=\"1024\" src=\"https:\/\/skls.pw.edu.pl\/wp-content\/uploads\/2025\/11\/492000241_1209572787839659_4256264891073898980_n-683x1024.jpg\" alt=\"\" class=\"wp-image-323\" srcset=\"https:\/\/skls.pw.edu.pl\/wp-content\/uploads\/2025\/11\/492000241_1209572787839659_4256264891073898980_n-683x1024.jpg 683w, https:\/\/skls.pw.edu.pl\/wp-content\/uploads\/2025\/11\/492000241_1209572787839659_4256264891073898980_n-200x300.jpg 200w, https:\/\/skls.pw.edu.pl\/wp-content\/uploads\/2025\/11\/492000241_1209572787839659_4256264891073898980_n-768x1152.jpg 768w, https:\/\/skls.pw.edu.pl\/wp-content\/uploads\/2025\/11\/492000241_1209572787839659_4256264891073898980_n-1024x1536.jpg 1024w, https:\/\/skls.pw.edu.pl\/wp-content\/uploads\/2025\/11\/492000241_1209572787839659_4256264891073898980_n.jpg 1365w\" sizes=\"auto, (max-width: 683px) 100vw, 683px\" \/><\/figure>\n\n\n\n<div class=\"wp-block-group is-vertical is-nowrap is-layout-flex wp-container-core-group-is-layout-5280e479 wp-block-group-is-layout-flex\">\n<p class=\"has-medium-font-size\">Z dum\u0105 informujemy, \u017ce zesp\u00f3\u0142 z naszego ko\u0142a naukowego w sk\u0142adzie: Mateusz Duda i Pawe\u0142 Czwarnowski dosta\u0142 si\u0119 do fina\u0142u konkursu na Najlepszy Artyku\u0142 Naukowy w ramach <strong>II Krakowskiego Szczytu Transportowego!<\/strong> <img loading=\"lazy\" decoding=\"async\" height=\"16\" width=\"16\" src=\"https:\/\/static.xx.fbcdn.net\/images\/emoji.php\/v9\/t58\/1\/16\/1f929.png\" alt=\"\ud83e\udd29\"><img loading=\"lazy\" decoding=\"async\" height=\"16\" width=\"16\" src=\"https:\/\/static.xx.fbcdn.net\/images\/emoji.php\/v9\/t58\/1\/16\/1f929.png\" alt=\"\ud83e\udd29\"><\/p>\n\n\n\n<p class=\"has-medium-font-size\"><\/p>\n\n\n\n<p class=\"has-small-font-size\"><\/p>\n<\/div>\n<\/div>\n<\/div>\n\n\n\n<div class=\"wp-block-column is-vertically-aligned-top is-layout-flow wp-block-column-is-layout-flow\">\n<div class=\"wp-block-group wp-container-content-231d8afb is-vertical is-layout-flex wp-container-core-group-is-layout-05b43539 wp-block-group-is-layout-flex\" style=\"margin-top:0;margin-bottom:0\">\n<div class=\"wp-block-group is-vertical is-nowrap is-layout-flex wp-container-core-group-is-layout-5280e479 wp-block-group-is-layout-flex\">\n<div style=\"height:0px\" aria-hidden=\"true\" class=\"wp-block-spacer wp-container-content-f96796aa\"><\/div>\n\n\n\n<p class=\"has-medium-font-size\">By\u0142a to \u015bwietna okazja do zapoznania si\u0119 z trendami wyst\u0119puj\u0105cymi w logistyce miejskiej.<img loading=\"lazy\" decoding=\"async\" height=\"16\" width=\"16\" alt=\"\ud83c\udfe2\" src=\"https:\/\/static.xx.fbcdn.net\/images\/emoji.php\/v9\/tf8\/1\/16\/1f3e2.png\"><\/p>\n\n\n\n<p>Podczas organizowanego przy okazji konferencji konkursu na najlepszy artyku\u0142 naukowy, dw\u00f3jka cz\u0142onk\u00f3w naszego ko\u0142a przedstawi\u0142a artyku\u0142 pt. &#8222;<strong>Potencja\u0142 wykorzystania algorytm\u00f3w heurystycznych w zwi\u0119kszeniu wydajno\u015bci obiekt\u00f3w logistycznych<\/strong>&#8221; kt\u00f3ry zaj\u0105\u0142<em><strong> IV miejsce<\/strong><\/em>.<img loading=\"lazy\" decoding=\"async\" height=\"16\" width=\"16\" src=\"https:\/\/static.xx.fbcdn.net\/images\/emoji.php\/v9\/tc1\/1\/16\/1f62e.png\" alt=\"\ud83d\ude2e\"><\/p>\n\n\n\n<p class=\"has-medium-font-size\">Gratulacje!!!<img loading=\"lazy\" decoding=\"async\" height=\"16\" width=\"16\" src=\"https:\/\/static.xx.fbcdn.net\/images\/emoji.php\/v9\/tfd\/1\/16\/1f9e1.png\" alt=\"\ud83e\udde1\"><img loading=\"lazy\" decoding=\"async\" height=\"16\" width=\"16\" src=\"https:\/\/static.xx.fbcdn.net\/images\/emoji.php\/v9\/t94\/1\/16\/1f49a.png\" alt=\"\ud83d\udc9a\"><\/p>\n<\/div>\n\n\n\n<figure class=\"wp-block-image size-large\" style=\"font-size:14px\"><img loading=\"lazy\" decoding=\"async\" width=\"1024\" height=\"1024\" src=\"https:\/\/skls.pw.edu.pl\/wp-content\/uploads\/2025\/11\/konf-1024x1024.jpg\" alt=\"\" class=\"wp-image-324\" srcset=\"https:\/\/skls.pw.edu.pl\/wp-content\/uploads\/2025\/11\/konf-1024x1024.jpg 1024w, https:\/\/skls.pw.edu.pl\/wp-content\/uploads\/2025\/11\/konf-300x300.jpg 300w, https:\/\/skls.pw.edu.pl\/wp-content\/uploads\/2025\/11\/konf-150x150.jpg 150w, https:\/\/skls.pw.edu.pl\/wp-content\/uploads\/2025\/11\/konf-768x768.jpg 768w, https:\/\/skls.pw.edu.pl\/wp-content\/uploads\/2025\/11\/konf.jpg 1536w\" sizes=\"auto, (max-width: 1024px) 100vw, 1024px\" \/><\/figure>\n<\/div>\n<\/div>\n<\/div>\n","protected":false},"excerpt":{"rendered":"<p>W siedzibie firmy Abakus Logistics Mieli\u015bmy przyjemno\u015b\u0107 go\u015bci\u0107 w siedzibie firmy Abakus Logistics Podczas wizyty mieli\u015bmy przyjemno\u015b\u0107 wys\u0142ucha\u0107 wyk\u0142adu o [&hellip;]<\/p>\n","protected":false},"author":4,"featured_media":0,"parent":0,"menu_order":0,"comment_status":"closed","ping_status":"closed","template":"","meta":{"site-sidebar-layout":"default","site-content-layout":"","ast-site-content-layout":"","site-content-style":"default","site-sidebar-style":"default","ast-global-header-display":"","ast-banner-title-visibility":"","ast-main-header-display":"","ast-hfb-above-header-display":"","ast-hfb-below-header-display":"","ast-hfb-mobile-header-display":"","site-post-title":"","ast-breadcrumbs-content":"","ast-featured-img":"","footer-sml-layout":"","theme-transparent-header-meta":"","adv-header-id-meta":"","stick-header-meta":"","header-above-stick-meta":"","header-main-stick-meta":"","header-below-stick-meta":"","astra-migrate-meta-layouts":"default","ast-page-background-enabled":"default","ast-page-background-meta":{"desktop":{"background-color":"var(--ast-global-color-5)","background-image":"","background-repeat":"repeat","background-position":"center center","background-size":"auto","background-attachment":"scroll","background-type":"","background-media":"","overlay-type":"","overlay-color":"","overlay-opacity":"","overlay-gradient":""},"tablet":{"background-color":"","background-image":"","background-repeat":"repeat","background-position":"center center","background-size":"auto","background-attachment":"scroll","background-type":"","background-media":"","overlay-type":"","overlay-color":"","overlay-opacity":"","overlay-gradient":""},"mobile":{"background-color":"","background-image":"","background-repeat":"repeat","background-position":"center center","background-size":"auto","background-attachment":"scroll","background-type":"","background-media":"","overlay-type":"","overlay-color":"","overlay-opacity":"","overlay-gradient":""}},"ast-content-background-meta":{"desktop":{"background-color":"var(--ast-global-color-4)","background-image":"","background-repeat":"repeat","background-position":"center center","background-size":"auto","background-attachment":"scroll","background-type":"","background-media":"","overlay-type":"","overlay-color":"","overlay-opacity":"","overlay-gradient":""},"tablet":{"background-color":"var(--ast-global-color-4)","background-image":"","background-repeat":"repeat","background-position":"center center","background-size":"auto","background-attachment":"scroll","background-type":"","background-media":"","overlay-type":"","overlay-color":"","overlay-opacity":"","overlay-gradient":""},"mobile":{"background-color":"var(--ast-global-color-4)","background-image":"","background-repeat":"repeat","background-position":"center center","background-size":"auto","background-attachment":"scroll","background-type":"","background-media":"","overlay-type":"","overlay-color":"","overlay-opacity":"","overlay-gradient":""}},"footnotes":""},"class_list":["post-309","page","type-page","status-publish","hentry"],"_links":{"self":[{"href":"https:\/\/skls.pw.edu.pl\/index.php?rest_route=\/wp\/v2\/pages\/309","targetHints":{"allow":["GET"]}}],"collection":[{"href":"https:\/\/skls.pw.edu.pl\/index.php?rest_route=\/wp\/v2\/pages"}],"about":[{"href":"https:\/\/skls.pw.edu.pl\/index.php?rest_route=\/wp\/v2\/types\/page"}],"author":[{"embeddable":true,"href":"https:\/\/skls.pw.edu.pl\/index.php?rest_route=\/wp\/v2\/users\/4"}],"replies":[{"embeddable":true,"href":"https:\/\/skls.pw.edu.pl\/index.php?rest_route=%2Fwp%2Fv2%2Fcomments&post=309"}],"version-history":[{"count":7,"href":"https:\/\/skls.pw.edu.pl\/index.php?rest_route=\/wp\/v2\/pages\/309\/revisions"}],"predecessor-version":[{"id":326,"href":"https:\/\/skls.pw.edu.pl\/index.php?rest_route=\/wp\/v2\/pages\/309\/revisions\/326"}],"wp:attachment":[{"href":"https:\/\/skls.pw.edu.pl\/index.php?rest_route=%2Fwp%2Fv2%2Fmedia&parent=309"}],"curies":[{"name":"wp","href":"https:\/\/api.w.org\/{rel}","templated":true}]}}